{"id":29,"date":"2018-02-05T12:22:23","date_gmt":"2018-02-05T11:22:23","guid":{"rendered":"http:\/\/mariusbax.no\/phd\/?p=29"},"modified":"2018-02-05T12:32:15","modified_gmt":"2018-02-05T11:32:15","slug":"mine-skriveverktoy","status":"publish","type":"page","link":"https:\/\/mariusbax.no\/phd\/mine-skriveverktoy\/","title":{"rendered":"Mine skriveverkt\u00f8y"},"content":{"rendered":"<p>Siden jeg setter stor pris p\u00e5 \u00e5 lese om, og ikke minst snakke om, andres skriveprosesser og ikke minst skriveverkt\u00f8y er tenkte jeg \u00e5 dele mitt eget oppsett akkurat n\u00e5.<\/p>\n<p>Dette utvilker seg stadig, men de siste \u00e5rene har det tatt veldig sm\u00e5 skritt da jeg begynner \u00e5 bli ganske forn\u00f8yd.<\/p>\n<h2>Hardware<\/h2>\n<div id=\"attachment_24\" style=\"width: 4042px\" class=\"wp-caption alignnone\"><img aria-describedby=\"caption-attachment-24\" decoding=\"async\" loading=\"lazy\" class=\"wp-image-24 size-full\" src=\"http:\/\/mariusbax.no\/phd\/files\/2018\/02\/D5C6BA54-7202-4F70-AA33-AFF332979BD4.jpeg\" alt=\"En ipad p\u00e5 stativ og et frittst\u00e5ende lite mekanisk bluetooth tastatur p\u00e5 bord.\" width=\"4032\" height=\"3024\" srcset=\"https:\/\/mariusbax.no\/phd\/files\/2018\/02\/D5C6BA54-7202-4F70-AA33-AFF332979BD4.jpeg 4032w, https:\/\/mariusbax.no\/phd\/files\/2018\/02\/D5C6BA54-7202-4F70-AA33-AFF332979BD4-300x225.jpeg 300w, https:\/\/mariusbax.no\/phd\/files\/2018\/02\/D5C6BA54-7202-4F70-AA33-AFF332979BD4-768x576.jpeg 768w, https:\/\/mariusbax.no\/phd\/files\/2018\/02\/D5C6BA54-7202-4F70-AA33-AFF332979BD4-1024x768.jpeg 1024w, https:\/\/mariusbax.no\/phd\/files\/2018\/02\/D5C6BA54-7202-4F70-AA33-AFF332979BD4-900x675.jpeg 900w, https:\/\/mariusbax.no\/phd\/files\/2018\/02\/D5C6BA54-7202-4F70-AA33-AFF332979BD4-1280x960.jpeg 1280w\" sizes=\"(max-width: 4032px) 100vw, 4032px\" \/><p id=\"caption-attachment-24\" class=\"wp-caption-text\">Mitt faste skriveoppsett.<\/p><\/div>\n<p>Jeg foretrekker \u00e5 skrive p\u00e5 Ipad. Som skriveverk\u00f8ty har Ipaden en stor fordel for meg. Jeg kan mulit-taske, men det er litt vanskelig. S\u00e5 det lar seg gj\u00f8re \u00e5 sjekke opp noe som er relevant, jeg kan ta en liten Twitter-pause n\u00e5r det g\u00e5r tr\u00e5tt, men det er ikke mange ting som plinger og blinker og maser og er alt for lett \u00e5 la seg distrahere av.<\/p>\n<p>Skjermtastaturet til Ipaden er \u00e5penbart ikke egnet til \u00e5 skrive noe s\u00e6rlig med, s\u00e5 jeg har de siste \u00e5rene brukt et <a title=\"Lenke til Matias Quiet Pro\" href=\"http:\/\/matias.ca\/laptoppro\/mac\/\">mekanisk bluetooth tastatur fra Matias<\/a>. Det er jeg veldig glad i. Det kunne godt ha v\u00e6rt st\u00f8rre, det kunne godt ha hatt norske taster, og det hadde ikke gjort noe om \u00ab0\u00bb tasten fortsatt virket. Jeg kj\u00f8pte dette tastaturet f\u00f8r jeg begynte p\u00e5 masteroppgaven i 2010 s\u00e5 det har gjort en trofast innsats.<\/p>\n<p>En fordel med dette oppsettet sammenlignet med en laptop eller tastatur-i-dekselet-p\u00e5-nettbrett l\u00f8sninger er ogs\u00e5 at jeg kan ha skjerm og tastatur ganske langt fra hverandre om jeg vil det. Jeg er relativt lang og har aldri v\u00e6rt helt komfortabel med de posisjonene jeg har blitt sittende og arbeide i med en laptop. N\u00e5r jeg skriver ny tekst har jeg som oftest Ipaden p\u00e5 et lite stativ, n\u00e5r jeg redigerer tekst s\u00e5 legger jeg Ipaden foran meg p\u00e5 bordet. Ulempen er at dette er et lite \u00abtog\/flyplass\/andre steder uten bord\u00bb-vennlig oppsett.<\/p>\n<div id=\"attachment_26\" style=\"width: 4042px\" class=\"wp-caption alignnone\"><img aria-describedby=\"caption-attachment-26\" decoding=\"async\" loading=\"lazy\" class=\"wp-image-26 size-full\" src=\"http:\/\/mariusbax.no\/phd\/files\/2018\/02\/9DCFDABB-0ADA-4C11-BB05-75E09F06E69E.jpeg\" alt=\"En ipad ligger p\u00e5 et bord foran et lite mekanisk tastatur.\" width=\"4032\" height=\"3024\" srcset=\"https:\/\/mariusbax.no\/phd\/files\/2018\/02\/9DCFDABB-0ADA-4C11-BB05-75E09F06E69E.jpeg 4032w, https:\/\/mariusbax.no\/phd\/files\/2018\/02\/9DCFDABB-0ADA-4C11-BB05-75E09F06E69E-300x225.jpeg 300w, https:\/\/mariusbax.no\/phd\/files\/2018\/02\/9DCFDABB-0ADA-4C11-BB05-75E09F06E69E-768x576.jpeg 768w, https:\/\/mariusbax.no\/phd\/files\/2018\/02\/9DCFDABB-0ADA-4C11-BB05-75E09F06E69E-1024x768.jpeg 1024w, https:\/\/mariusbax.no\/phd\/files\/2018\/02\/9DCFDABB-0ADA-4C11-BB05-75E09F06E69E-900x675.jpeg 900w, https:\/\/mariusbax.no\/phd\/files\/2018\/02\/9DCFDABB-0ADA-4C11-BB05-75E09F06E69E-1280x960.jpeg 1280w\" sizes=\"(max-width: 4032px) 100vw, 4032px\" \/><p id=\"caption-attachment-26\" class=\"wp-caption-text\">Ipad i &#8220;redigeringsmodus&#8221;.<\/p><\/div>\n<p>De fleste tekstene jeg skriver m\u00e5 likevel innom en eller annen \u00abordin\u00e6r\u00bb datamaskin f\u00f8r jeg er ferdig. S\u00e6rlig gjelder det ting som skal ha referanser i seg. Denne teksten har jeg tenkt \u00e5 sende rett fra Ipad til WordPress, men regner med at jeg tar en runde p\u00e5 den stasjon\u00e6re macen min f\u00f8r jeg er helt ferdig med den. Jobben har ogs\u00e5 utstyrt meg med en Windows-laptop som jeg med \u00e5pent sinn ser fram til \u00e5 teste ut etter 15 \u00e5r som mac-bruker.<\/p>\n<p>F\u00f8r jeg runder av hardware-seksjonen vil jeg f\u00e5 lov til \u00e5 felle en liten t\u00e5re over at jeg m\u00e5tte levere fra meg mitt <a title=\"Lenke til Das Keyboard 4 Professional\" href=\"https:\/\/www.daskeyboard.com\/daskeyboard-4-professional\/\">Das Keyboard tastatur<\/a> n\u00e5r jeg sluttet ved UiO for snart en m\u00e5ned siden. Jeg savner b\u00e5de det og <a title=\"Lenke til Logitech MX Master\" href=\"https:\/\/www.logitech.com\/no-no\/product\/mx-master-business\">Logitech MX Master musa<\/a> jeg hadde p\u00e5 kontoret, men s\u00e6rlig det tastaturet. Jeg m\u00e5tte ogs\u00e5 levere fra meg en <a href=\"https:\/\/www.apple.com\/no\/ipad-pro\/\">Ipad Pro<\/a> som var veldig fin \u00e5 bruke til vurderingsarbeid (selv om en <a href=\"https:\/\/remarkable.com\">Remarkable<\/a><sup><a id=\"ffn1\" class=\"footnote\" href=\"#fn1\">1<\/a><\/sup> kanskje hadde v\u00e6rt enda bedre). Jeg brukte den lite til \u00e5 skrive da jeg ikke ble helt glad i det <a href=\"https:\/\/www.logitech.com\/no-no\/product\/create-ipad-pro-keyboard\">Logitech Create deksel-tastaturet<\/a> jeg hadde bestilt med. Derimot hadde jeg veldig lyst til \u00e5 teste ut <a href=\"https:\/\/www.razerzone.com\/gaming-keyboards-keypads\/razer-mechanical-keyboard-case-ipad-pro\">Razer sitt mekaniske Ipad Pro-tastatur<\/a>. Som <a title=\"The Verge sin anmeldelse av Razer tastaturet\" href=\"https:\/\/www.theverge.com\/circuitbreaker\/2016\/8\/12\/12450304\/razer-ipad-pro-mechanical-keyboard-review\">anmeldere har p\u00e5pekt<\/a> gj\u00f8r den jo en Ipad Pro til en stor og litt tungvindt laptop, men som nevnt over er det p\u00e5 mange m\u00e5ter Ipadens begrensinger som gj\u00f8r den til et godt skriveverkt\u00f8y for meg.<\/p>\n<h2>Software<\/h2>\n<p>Jeg bruker <a href=\"https:\/\/ulyssesapp.com\/\">Ulysses<\/a> p\u00e5 Ipad og Mac for \u00e5 skrive, <a href=\"zotero.org\">Zotero<\/a> for \u00e5 h\u00e5ndtere referanser og <a href=\"pandoc.org\">Pandoc<\/a> for kombinere de to og eksportere ferdige filer.<\/p>\n<h3>Hvorfor Markdown?<\/h3>\n<p>Jeg skal ikke skrive s\u00e5 mye om selve skriveprossessen her, men ikke overraskende er jeg ganske opptatt av det ogs\u00e5 og har fors\u00f8kt \u00e5 undervise en del om dette b\u00e5de p\u00e5 videreg\u00e5ende og universitetsniv\u00e5. Jeg har s\u00e6rlig v\u00e6rt inspirert av <a href=\"http:\/\/www.simonandschuster.com\/books\/Write\/Karen-E-Peterson\/9781440517945\">Karen E. Petersons <em>Write.<\/em><\/a> og <a title=\"S\u00f8ren S\u00f8gaards nettside om skriving\" href=\"http:\/\/www.soeren-soegaard.dk\/?page_id=9\">S\u00f8ren S\u00f8gaard<\/a> (og en lang rekke gode kolleger). Skal jeg bare nevne en ting her og n\u00e5 er det at skriving og redigering er to forskjellige ting og m\u00e5 ikke gj\u00f8res samtidig. Da jeg begynte \u00e5 tenke rundt dette ble det ogs\u00e5 ganske klart for meg at Word (ihvertfall p\u00e5 midten av 2000-tallet) var lite egnet til begge deler.<sup><a id=\"ffn2\" class=\"footnote\" href=\"#fn2\">2<\/a><\/sup><\/p>\n<div id=\"attachment_25\" style=\"width: 3979px\" class=\"wp-caption alignnone\"><img aria-describedby=\"caption-attachment-25\" decoding=\"async\" loading=\"lazy\" class=\"wp-image-25 size-full\" src=\"http:\/\/mariusbax.no\/phd\/files\/2018\/02\/D58D52DA-E104-47A5-8B6C-CC74EDFA2EC6.jpeg\" alt=\"En hvit bok p\u00e5 et bord.\" width=\"3969\" height=\"2977\" srcset=\"https:\/\/mariusbax.no\/phd\/files\/2018\/02\/D58D52DA-E104-47A5-8B6C-CC74EDFA2EC6.jpeg 3969w, https:\/\/mariusbax.no\/phd\/files\/2018\/02\/D58D52DA-E104-47A5-8B6C-CC74EDFA2EC6-300x225.jpeg 300w, https:\/\/mariusbax.no\/phd\/files\/2018\/02\/D58D52DA-E104-47A5-8B6C-CC74EDFA2EC6-768x576.jpeg 768w, https:\/\/mariusbax.no\/phd\/files\/2018\/02\/D58D52DA-E104-47A5-8B6C-CC74EDFA2EC6-1024x768.jpeg 1024w, https:\/\/mariusbax.no\/phd\/files\/2018\/02\/D58D52DA-E104-47A5-8B6C-CC74EDFA2EC6-900x675.jpeg 900w, https:\/\/mariusbax.no\/phd\/files\/2018\/02\/D58D52DA-E104-47A5-8B6C-CC74EDFA2EC6-1280x960.jpeg 1280w\" sizes=\"(max-width: 3969px) 100vw, 3969px\" \/><p id=\"caption-attachment-25\" class=\"wp-caption-text\">Karen E. Petersons bok som jeg tilfeldigvis plukket opp p\u00e5 Tronsmo en gang.<\/p><\/div>\n<p>Jeg gikk dermed over til en todelt prosess der jeg skrev i ulike enkle fullskjermsteksbehandlere som <a href=\"http:\/\/www.hogbaysoftware.com\/products\/writeroom\">WriteRoom<\/a> og gjorde formateringen i <a href=\"https:\/\/www.adobe.com\/no\/products\/indesign.html\">InDesign<\/a> der jeg hadde en del ferdige maler. Masteroppgaven min satte jeg for eksempel opp slik.<\/p>\n<p>Senere oppdaget jeg <a title=\"John Gruber, som fant opp Markdown, sin guide til formatet\" href=\"https:\/\/daringfireball.net\/projects\/markdown\/syntax\">Markdown<\/a> som er et nydelig kompromiss. Markdown lar deg skrive helt uten \u00e5 tenke p\u00e5 fonter og overskrifter og slikt, samtidig som du ved hjelp av # og andre enkle tegn kan markere hva som er overskrifter, hvilke overskriftsniv\u00e5er du har, uthevet, kursivert, legge inn bilder, lenker, fotnoter og s\u00e5 videre.<\/p>\n<p>Fordelen med dette er to. Du kan raskt formatere teksten underveis uten \u00e5 la deg distrahere med hvordan du vil at ulike overskrifter skal se ut og s\u00e5 videre. Videre har du en tekst som du lett kan eksportere til andre formater, andre oppsett og s\u00e5 videre avhengig av bruk. Den samme teksten kan lett bli en .docx til noen som skal gi kommentarer, en .pdf som skal deles ut eller .html p\u00e5 en nettside. Min favoritt funksjon er likevel at du kan \u00abcomment out\u00bb tekst. Det vil si at du enkelt kan markere setninger, ord og avsnitt og si at selv om de ligger i teksten s\u00e5 skal de ikke v\u00e6re med n\u00e5r du sender det videre (med mindre du \u00f8nsker det). Det er en s\u00e5nn detalj som jeg n\u00e5 ikke skj\u00f8nner at jeg kunne leve uten.<\/p>\n<p>Jeg har pr\u00f8vd et par ulike Markdown skriveprogrammer, men har de siste \u00e5rene blitt veldig glad i Ulysses. Jeg tror nok det er s\u00e6rlig fordi jeg intuitivt liker m\u00e5ten dokumentene er organisert p\u00e5. Ulysses kan lage mange typer \u00abmapper\u00bb, men standard-konseptet er bunker med ark.<\/p>\n<p>Det er kanskje meningsl\u00f8st \u00e5 si at det er et skille mellom virtuelle mapper i en filstruktur og Ulysses sine virtuelle papirbunker, men det snakker n\u00e5 til meg. S\u00e6rlig liker jeg at det er lett \u00e5 kombinere, splitte og sortere disse bunkene til nye bunker. For eksempel har jeg en bunke som heter \u00abVideodager\u00bb som inneholder alt jeg har <a href=\"http:\/\/twitter.com\/videodager\">skrevet i det prosjektet<\/a>. I den bunken har jeg underbunker etter \u00e5r, og til sist er det biter med tekst som h\u00f8rer til i disse \u00e5rene. Det er lett for meg \u00e5 organisere rekkef\u00f8lgen av disse bitene, sl\u00e5 dem sammen (enten permanent eller bare markere dem for \u00e5 skrive dem ut som et dokument) eller dele de i to om jeg f\u00f8ler at det ble to tekster i stedet for en.<\/p>\n<div id=\"attachment_27\" style=\"width: 2058px\" class=\"wp-caption alignnone\"><img aria-describedby=\"caption-attachment-27\" decoding=\"async\" loading=\"lazy\" class=\"wp-image-27 size-full\" src=\"http:\/\/mariusbax.no\/phd\/files\/2018\/02\/9241BA75-892B-4A46-BF21-0E9B00FC134F.jpeg\" alt=\"Skjermbilde fra Ulysses\" width=\"2048\" height=\"1536\" srcset=\"https:\/\/mariusbax.no\/phd\/files\/2018\/02\/9241BA75-892B-4A46-BF21-0E9B00FC134F.jpeg 2048w, https:\/\/mariusbax.no\/phd\/files\/2018\/02\/9241BA75-892B-4A46-BF21-0E9B00FC134F-300x225.jpeg 300w, https:\/\/mariusbax.no\/phd\/files\/2018\/02\/9241BA75-892B-4A46-BF21-0E9B00FC134F-768x576.jpeg 768w, https:\/\/mariusbax.no\/phd\/files\/2018\/02\/9241BA75-892B-4A46-BF21-0E9B00FC134F-1024x768.jpeg 1024w, https:\/\/mariusbax.no\/phd\/files\/2018\/02\/9241BA75-892B-4A46-BF21-0E9B00FC134F-900x675.jpeg 900w, https:\/\/mariusbax.no\/phd\/files\/2018\/02\/9241BA75-892B-4A46-BF21-0E9B00FC134F-1280x960.jpeg 1280w\" sizes=\"(max-width: 2048px) 100vw, 2048px\" \/><p id=\"caption-attachment-27\" class=\"wp-caption-text\">Noen av mine &#8220;bunker&#8221; i Ulysses<\/p><\/div>\n<p>Ulysses har ogs\u00e5 mange fine eksport-muligheter til mange formater og programmer og som (ganske lett) kan tilpasses de fleste behov. Dette har jeg litt mindre bruk for n\u00e5 da jeg i st\u00f8rre grad har valgt \u00e5 bruke Pandoc til eksport, men fortsatt kan tekst fra Ulysses g\u00e5 rett til WordPress (det skal jeg teste med denne straks), Medium for den som bruker det, eller rett og slett sendes som en epost (og det gj\u00f8r jeg ofte).<\/p>\n<h3>H\u00e5ndtere referanser med Ulysses, Zotero og Pandoc<\/h3>\n<p>Ulysses har ogs\u00e5 en veldig <a href=\"https:\/\/ulyssesapp.com\/blog\/2017\/04\/deckset-ulysses\/\">morsom integrering mot presentasjonsverkt\u00f8yet Deckset<\/a> som jeg har testet litt og en veldig <a href=\"https:\/\/ulyssesapp.com\/blog\/2015\/12\/academic-writing-on-the-mac-papers-and-ulysses\/\">fin integrering av Papers3<\/a>. Den siste hadde jeg tenkt \u00e5 satse p\u00e5, og kj\u00f8pte Papers3 rett f\u00f8r jul. Dessverre kom jeg raskt fram til at Parpers3 rett og slett var for d\u00e5rlig<sup><a id=\"ffn3\" class=\"footnote\" href=\"#fn3\">3<\/a><\/sup> sammenlignet med Zotero og at viktig funksjonalitet krevde at jeg hadde Word p\u00e5 en Mac og det har jeg ikke lenger. Dermed begynte fors\u00f8ket p\u00e5 \u00e5 finne m\u00e5te \u00e5 integrere Zotero i arbeidsflyten.<\/p>\n<p>Zotero er et program for \u00e5 h\u00e5ndtere referanser i akademiske tekster. Det finnes flere og\u00a0<a href=\"http:\/\/endnote.com\/\">Endnote<\/a> er vel det mest kjente. Jeg har tidligere brukt b\u00e5de <a href=\"https:\/\/www.readcube.com\/papers\/\">Papers3<\/a> og <a href=\"mendeley.com\">Mendeley<\/a>. Zotero er open-source og det er rett og slett bedre enn de andre sp\u00f8r du meg. Jeg ble derfor veldig glad n\u00e5r jeg fant <a href=\"http:\/\/raphaelkabo.com\/blog\/posts\/markdown-to-word\">Raphael Kabo sin guide til en arbeidsflyt med Ulysses, Zotero og Pandoc. <\/a>Den b\u00f8r du rett og slett lese og bruke.<\/p>\n<p>Pandoc var en ny bekjentskap for meg, og selv om l\u00e6ringskurven er bratt ser det ut som noe jeg skal kunne bli veldig glad i etterhvert. Jeg hadde imidlertid en stor utfordring med Raphaels guide, referansene mine ble p\u00e5 engelsk. Jeg fikk (Bak\u00f8y and Helseth 2016) der jeg ville ha (Bak\u00f8y og Helseth) &#8220;ed.&#8221; i stedet for &#8220;red.&#8221; og lignende. Etter en del leting og feiling fant jeg ut at alt som trengs var en <code>-M lang=nb-No<\/code> inne i Pandoc-scriptet. Min versjon av Rapahels script (som du finner i lenken over) blir alts\u00e5:<\/p>\n<p><code>title=$(basename \"$@\" .md)<\/code><\/p>\n<p><code>echo -e \"\\n\\n# Bibliography\" &gt;&gt; \"$@\"<\/code><\/p>\n<p><code>\/usr\/local\/bin\/pandoc -s -S --filter=\/usr\/local\/bin\/pandoc-citeproc --normalize --bibliography \/PATH\/TO\/BIBTEX\/LIBRARY\/Zotero.bib --csl \/PATH\/TO\/CSL\/FILE\/FILENAME.csl --reference-docx \/PATH\/TO\/REFERENCE\/DOCX\/reference.docx -f markdown -t docx -M lang=nb-NO -o \/PATH\/WHERE\/YOU\/WANT\/TO\/EXPORT\/\"$title\".docx \"$@\"<\/code><\/p>\n<p><code>open \/PATH\/WHERE\/YOU\/WANT\/TO\/EXPORT\/\"$title\".docx<\/code>.<\/p>\n<p>Jeg la ogs\u00e5 inn <a href=\"http:\/\/tug.org\/texlive\/\">TexLive<\/a> p\u00e5 macen i l\u00f8pet av denne prosessen, men tror ikke det var avgj\u00f8rende for resultatet.<\/p>\n<p>N\u00e5 er problemet mitt at jeg bare kan kj\u00f8re denne koden p\u00e5 mac, og at jeg alts\u00e5 er Windowsbruker n\u00e5r jeg ikke jobber hjemmefra. Forel\u00f8pig har jeg l\u00f8st det med \u00e5 bruke <a href=\"https:\/\/www.teamviewer.com\/no\/\">Teamviewer<\/a> til \u00e5 fjernstyre macen &#8211; men jeg m\u00e5 pr\u00f8ve \u00e5 finne en m\u00e5te \u00e5 sende Ulysses filene mine gjennom Pandoc og Zotero ogs\u00e5 i Windows.<\/p>\n<p>Edit: Det gikk for\u00f8vrig fint \u00e5 publisere dette fra Ipaden til WordPress. Den ville riktignok bare lage en &#8220;post&#8221; og ikke en &#8220;page&#8221; &#8211; men det l\u00f8ste <a href=\"https:\/\/nb.wordpress.org\/plugins\/post-type-switcher\/\">Post-type Switcher.\u00a0<\/a>Jeg skulle ogs\u00e5 ha sendt det fra Ipad til WordPress som Markdown heller enn html (<a href=\"https:\/\/jetpack.com\/support\/markdown\/\">Jetpack<\/a> h\u00e5ndterer konvertering) siden jeg da lett kunne laget denne teksten som fotnote nr 4 &#8211; men det ble for mye for meg i html.<\/p>\n<p>&nbsp;<\/p>\n<ol id=\"footnotes\">\n<li id=\"fn1\">En Remarkable med st\u00f8tte for ekstern tastatur, det ville v\u00e6rt dr\u00f8mmeskrivemaskinen for min del. <a href=\"#ffn1\">\u21a9<\/a><\/li>\n<li id=\"fn2\">N\u00e5r det er sagt synes <a href=\"https:\/\/products.office.com\/nb-no\/word\">Word p\u00e5 Ipad<\/a> og s\u00e6rlig integrasjonen i One Drive er veldig fin. Det fungerte sv\u00e6rt godt til vurderingsarbeid. <a href=\"#ffn2\">\u21a9<\/a><\/li>\n<li id=\"fn3\">Papers3 er tydeligvis kj\u00f8pt opp av Readcube (som jeg har testet, men ikke helt skj\u00f8nt), noe som kan b\u00e5de forklare hvorfor en del ting rett og slett ikke er oppdatert i Papers3 og ogs\u00e5 gi h\u00e5p om at det kommer noe nytt og bedre etterhvert. <a href=\"#ffn3\">\u21a9<\/a><\/li>\n<\/ol>\n\n<div class=\"twitter-share\"><a href=\"https:\/\/twitter.com\/intent\/tweet?via=mariusbax\" class=\"twitter-share-button\">Tweet<\/a><\/div>\n","protected":false},"excerpt":{"rendered":"<p>Siden jeg setter stor pris p\u00e5 \u00e5 lese om, og ikke minst snakke om, andres skriveprosesser og ikke minst skriveverkt\u00f8y er tenkte jeg \u00e5 dele mitt eget oppsett akkurat n\u00e5. Dette utvilker seg stadig, men de siste \u00e5rene har det tatt veldig sm\u00e5 skritt da jeg begynner \u00e5 bli ganske forn\u00f8yd. Hardware Jeg foretrekker \u00e5 [&hellip;]<\/p>\n","protected":false},"author":1,"featured_media":28,"parent":0,"menu_order":0,"comment_status":"open","ping_status":"open","template":"","meta":{"jetpack_post_was_ever_published":false},"jetpack_sharing_enabled":true,"jetpack_shortlink":"https:\/\/wp.me\/P9AJuA-t","_links":{"self":[{"href":"https:\/\/mariusbax.no\/phd\/wp-json\/wp\/v2\/pages\/29"}],"collection":[{"href":"https:\/\/mariusbax.no\/phd\/wp-json\/wp\/v2\/pages"}],"about":[{"href":"https:\/\/mariusbax.no\/phd\/wp-json\/wp\/v2\/types\/page"}],"author":[{"embeddable":true,"href":"https:\/\/mariusbax.no\/phd\/wp-json\/wp\/v2\/users\/1"}],"replies":[{"embeddable":true,"href":"https:\/\/mariusbax.no\/phd\/wp-json\/wp\/v2\/comments?post=29"}],"version-history":[{"count":8,"href":"https:\/\/mariusbax.no\/phd\/wp-json\/wp\/v2\/pages\/29\/revisions"}],"predecessor-version":[{"id":41,"href":"https:\/\/mariusbax.no\/phd\/wp-json\/wp\/v2\/pages\/29\/revisions\/41"}],"wp:featuredmedia":[{"embeddable":true,"href":"https:\/\/mariusbax.no\/phd\/wp-json\/wp\/v2\/media\/28"}],"wp:attachment":[{"href":"https:\/\/mariusbax.no\/phd\/wp-json\/wp\/v2\/media?parent=29"}],"curies":[{"name":"wp","href":"https:\/\/api.w.org\/{rel}","templated":true}]}}